{"id":8427,"date":"2018-07-26T07:17:24","date_gmt":"2018-07-26T00:17:24","guid":{"rendered":"https:\/\/training.unit.academy\/about-us\/"},"modified":"2023-03-08T13:35:47","modified_gmt":"2023-03-08T06:35:47","slug":"about-us","status":"publish","type":"page","link":"https:\/\/training.unit.academy\/es\/about-us\/","title":{"rendered":"Qui\u00e9nes somos"},"content":{"rendered":"<style>\/*! elementor - v3.10.0 - 09-01-2023 *\/<br \/>.elementor-heading-title{padding:0;margin:0;line-height:1}.elementor-widget-heading .elementor-heading-title[class*=elementor-size-]>a{color:inherit;font-size:inherit;line-height:inherit}.elementor-widget-heading .elementor-heading-title.elementor-size-small{font-size:15px}.elementor-widget-heading .elementor-heading-title.elementor-size-medium{font-size:19px}.elementor-widget-heading .elementor-heading-title.elementor-size-large{font-size:29px}.elementor-widget-heading .elementor-heading-title.elementor-size-xl{font-size:39px}.elementor-widget-heading .elementor-heading-title.elementor-size-xxl{font-size:59px}<\/style>\n<h5>Con\u00f3cenos<\/h5>\n<style>\/*! elementor - v3.10.0 - 09-01-2023 *\/<br \/>.elementor-widget-divider{--divider-border-style:none;--divider-border-width:1px;--divider-color:#2c2c2c;--divider-icon-size:20px;--divider-element-spacing:10px;--divider-pattern-height:24px;--divider-pattern-size:20px;--divider-pattern-url:none;--divider-pattern-repeat:repeat-x}.elementor-widget-divider .elementor-divider{display:flex}.elementor-widget-divider .elementor-divider__text{font-size:15px;line-height:1;max-width:95%}.elementor-widget-divider .elementor-divider__element{margin:0 var(--divider-element-spacing);flex-shrink:0}.elementor-widget-divider .elementor-icon{font-size:var(--divider-icon-size)}.elementor-widget-divider .elementor-divider-separator{display:flex;margin:0;direction:ltr}.elementor-widget-divider--view-line_icon .elementor-divider-separator,.elementor-widget-divider--view-line_text .elementor-divider-separator{align-items:center}.elementor-widget-divider--view-line_icon .elementor-divider-separator:after,.elementor-widget-divider--view-line_icon .elementor-divider-separator:before,.elementor-widget-divider--view-line_text .elementor-divider-separator:after,.elementor-widget-divider--view-line_text .elementor-divider-separator:before{display:block;content:\"\";border-bottom:0;flex-grow:1;border-top:var(--divider-border-width) var(--divider-border-style) var(--divider-color)}.elementor-widget-divider--element-align-left .elementor-divider .elementor-divider-separator>.elementor-divider__svg:first-of-type{flex-grow:0;flex-shrink:100}.elementor-widget-divider--element-align-left .elementor-divider-separator:before{content:none}.elementor-widget-divider--element-align-left .elementor-divider__element{margin-left:0}.elementor-widget-divider--element-align-right .elementor-divider .elementor-divider-separator>.elementor-divider__svg:last-of-type{flex-grow:0;flex-shrink:100}.elementor-widget-divider--element-align-right .elementor-divider-separator:after{content:none}.elementor-widget-divider--element-align-right .elementor-divider__element{margin-right:0}.elementor-widget-divider:not(.elementor-widget-divider--view-line_text):not(.elementor-widget-divider--view-line_icon) .elementor-divider-separator{border-top:var(--divider-border-width) var(--divider-border-style) var(--divider-color)}.elementor-widget-divider--separator-type-pattern{--divider-border-style:none}.elementor-widget-divider--separator-type-pattern.elementor-widget-divider--view-line .elementor-divider-separator,.elementor-widget-divider--separator-type-pattern:not(.elementor-widget-divider--view-line) .elementor-divider-separator:after,.elementor-widget-divider--separator-type-pattern:not(.elementor-widget-divider--view-line) .elementor-divider-separator:before,.elementor-widget-divider--separator-type-pattern:not([class*=elementor-widget-divider--view]) .elementor-divider-separator{width:100%;min-height:var(--divider-pattern-height);-webkit-mask-size:var(--divider-pattern-size) 100%;mask-size:var(--divider-pattern-size) 100%;-webkit-mask-repeat:var(--divider-pattern-repeat);mask-repeat:var(--divider-pattern-repeat);background-color:var(--divider-color);-webkit-mask-image:var(--divider-pattern-url);mask-image:var(--divider-pattern-url)}.elementor-widget-divider--no-spacing{--divider-pattern-size:auto}.elementor-widget-divider--bg-round{--divider-pattern-repeat:round}.rtl .elementor-widget-divider .elementor-divider__text{direction:rtl}.e-con-inner>.elementor-widget-divider,.e-con>.elementor-widget-divider{width:var(--container-widget-width);--flex-grow:var(--container-widget-flex-grow)}<\/style>\n<h1>Fundaci\u00f3n de Tailandia<\/h1>\n<p>Promueve la difusi\u00f3n de la lengua y cultura tailandesa a nivel mundial a trav\u00e9s de las clases en l\u00ednea<\/p>\n<style>\/*! elementor - v3.10.0 - 09-01-2023 *\/<br \/>.elementor-widget-image{text-align:center}.elementor-widget-image a{display:inline-block}.elementor-widget-image a img[src$=\".svg\"]{width:48px}.elementor-widget-image img{vertical-align:middle;display:inline-block}<\/style>\n<p><img fetchpriority=\"high\" decoding=\"async\" class=\"alignnone wp-image-9824 size-full\" src=\"https:\/\/training.unit.academy\/wp-content\/uploads\/2023\/02\/Group-language.png\" alt=\"\" width=\"1830\" height=\"635\" srcset=\"https:\/\/training.unit.academy\/wp-content\/uploads\/2023\/02\/Group-language.png 1830w, https:\/\/training.unit.academy\/wp-content\/uploads\/2023\/02\/Group-language-300x104.png 300w, https:\/\/training.unit.academy\/wp-content\/uploads\/2023\/02\/Group-language-1024x355.png 1024w, https:\/\/training.unit.academy\/wp-content\/uploads\/2023\/02\/Group-language-768x266.png 768w, https:\/\/training.unit.academy\/wp-content\/uploads\/2023\/02\/Group-language-1536x533.png 1536w, https:\/\/training.unit.academy\/wp-content\/uploads\/2023\/02\/Group-language-1827x634.png 1827w\" sizes=\"(max-width: 1830px) 100vw, 1830px\" \/><\/p>\n<style type=\"text\/css\">.module__cb58032937a61e7cf4cc66dfda93af9f {<br \/>    background: !important; color:#000000;<br \/>}<br \/>.module__cb58032937a61e7cf4cc66dfda93af9f .icon {<br \/>    width:42px;<br \/>}<br \/>.module__cb58032937a61e7cf4cc66dfda93af9f .icon i {<br \/>    font-size: 50px;<br \/>    color: #FBB62587 !important;<br \/>}<br \/>.icon_alignment_top_left .module__cb58032937a61e7cf4cc66dfda93af9f {<br \/>    text-align: left;<br \/>}<br \/>.icon_alignment_top_center .module__cb58032937a61e7cf4cc66dfda93af9f {<br \/>    text-align: center;<br \/>    margin-right: auto;<br \/>    margin-left: auto;<br \/>}<br \/>.icon_alignment_top_right .module__cb58032937a61e7cf4cc66dfda93af9f {<br \/>    text-align: right;<br \/>    margin-right: 0;<br \/>    margin-left: auto;<br \/>}<br \/><\/style>\n<h3 style=\"color: #000000;\">Fundaci\u00f3n de Tailandia<\/h3>\n<p>The Thailand Foundation offers online curricula that teach Thai language by using different languages as media languages. This makes learning the language easier while promoting communications between Thais and visitors from around the world. This project is also suitable for anyone who wants to improve their Thai skills and experience life in Thailand, e.g. students, business people, diplomats, travelers, customers, long-term visitors, etc. The lessons are in the form of videos and e-books.<\/p>\n<p><!-- align icons --><\/p>\n<style type=\"text\/css\">.module__88046a757237cae5603395f7f485e80b {<br \/>    background: !important; color:#000000;<br \/>}<br \/>.module__88046a757237cae5603395f7f485e80b .icon {<br \/>    width:42px;<br \/>}<br \/>.module__88046a757237cae5603395f7f485e80b .icon i {<br \/>    font-size: 50px;<br \/>    color: #FBB62587 !important;<br \/>}<br \/>.icon_alignment_top_left .module__88046a757237cae5603395f7f485e80b {<br \/>    text-align: left;<br \/>}<br \/>.icon_alignment_top_center .module__88046a757237cae5603395f7f485e80b {<br \/>    text-align: center;<br \/>    margin-right: auto;<br \/>    margin-left: auto;<br \/>}<br \/>.icon_alignment_top_right .module__88046a757237cae5603395f7f485e80b {<br \/>    text-align: right;<br \/>    margin-right: 0;<br \/>    margin-left: auto;<br \/>}<br \/><\/style>\n<h3 style=\"color: #000000;\">Colaboraci\u00f3n<\/h3>\n<p class=\"p1\">La Fundaci\u00f3n de Tailandia trabaja con la Universidad de Chulalongkorn, la Universidad de Mahasarakham y la Universidad de Naresuan con el fin de crear materiales de ense\u00f1anza y aprendizaje del idioma tailand\u00e9s en l\u00ednea en varios idiomas principales.<\/p>\n<p><!-- align icons --><\/p>\n<p><img decoding=\"async\" class=\"alignnone size-full wp-image-9827\" src=\"https:\/\/training.unit.academy\/wp-content\/uploads\/2023\/02\/img_05.png\" alt=\"\" width=\"507\" height=\"634\" srcset=\"https:\/\/training.unit.academy\/wp-content\/uploads\/2023\/02\/img_05.png 507w, https:\/\/training.unit.academy\/wp-content\/uploads\/2023\/02\/img_05-240x300.png 240w, https:\/\/training.unit.academy\/wp-content\/uploads\/2023\/02\/img_05-506x633.png 506w, https:\/\/training.unit.academy\/wp-content\/uploads\/2023\/02\/img_05-10x12.png 10w\" sizes=\"(max-width: 507px) 100vw, 507px\" \/><\/p>","protected":false},"excerpt":{"rendered":"<p>About us Thailand Foundation Enhance your skills and spread Thai language and culture worldwide via our online platform. Thailand Foundation The Thailand Foundation offers online curricula that teach Thai language by using different languages as media languages. This makes learning the language easier while promoting communications between Thais and visitors from around the world. This [&hellip;]<\/p>","protected":false},"author":1,"featured_media":0,"parent":0,"menu_order":0,"comment_status":"closed","ping_status":"closed","template":"","meta":{"footnotes":""},"class_list":["post-8427","page","type-page","status-publish","hentry"],"_links":{"self":[{"href":"https:\/\/training.unit.academy\/es\/wp-json\/wp\/v2\/pages\/8427","targetHints":{"allow":["GET"]}}],"collection":[{"href":"https:\/\/training.unit.academy\/es\/wp-json\/wp\/v2\/pages"}],"about":[{"href":"https:\/\/training.unit.academy\/es\/wp-json\/wp\/v2\/types\/page"}],"author":[{"embeddable":true,"href":"https:\/\/training.unit.academy\/es\/wp-json\/wp\/v2\/users\/1"}],"replies":[{"embeddable":true,"href":"https:\/\/training.unit.academy\/es\/wp-json\/wp\/v2\/comments?post=8427"}],"version-history":[{"count":0,"href":"https:\/\/training.unit.academy\/es\/wp-json\/wp\/v2\/pages\/8427\/revisions"}],"wp:attachment":[{"href":"https:\/\/training.unit.academy\/es\/wp-json\/wp\/v2\/media?parent=8427"}],"curies":[{"name":"wp","href":"https:\/\/api.w.org\/{rel}","templated":true}]}}